{"id":103649,"date":"2025-10-14T13:21:36","date_gmt":"2025-10-14T13:21:36","guid":{"rendered":"https:\/\/fabrizifamily.com\/consegna-e-spedizione\/"},"modified":"2025-10-28T08:28:44","modified_gmt":"2025-10-28T08:28:44","slug":"consegna-e-spedizione","status":"publish","type":"page","link":"https:\/\/fabrizifamily.com\/en\/consegna-e-spedizione\/","title":{"rendered":"Consegna e spedizione"},"content":{"rendered":"<div class=\"wpb-content-wrapper\"><section class=\"vc_row wpb_row vc_row-fluid  vc_custom_1760449807369\"><div class=\"wpb_column vc_column_container col-xs-mobile-fullwidth vc_col-sm-12\"><div class=\"vc_column-inner\"><div class=\"wpb_wrapper\"><div class=\"text-block-content hongo-text-block-1 last-paragraph-no-margin\"><h3><strong>Ritiro in negozio<\/strong><\/h3>\n<p>In caso di selezione del servizio &#8220;ritiro in sede&#8221;, il nostro negozio si trova in Viale della Vittoria 49\/B, 60035, Jesi (AN), Italy<br \/>\nNon saranno addebitate le spese di spedizione.<\/p>\n<p><strong>Consegna a Jesi:<\/strong> Consegna a domicilio presso il comune di Jesi gratuita<\/p>\n<p>&nbsp;<\/p>\n<h3><strong>Spedizioni con i corrieri<\/strong><\/h3>\n<p>Spediamo solo con corrieri espressi e il tempo di consegna varia da 1 gg a 3 gg lavorativi in base alla localit\u00e0 di destinazione.<br \/>\nRiceverete un tracking la sera della spedizione che vi consentir\u00e0 di monitorare il percorso.<br \/>\nSono previsti 2 tentativi di consegna presso l&#8217;indirizzo indicato al momento dell&#8217;ordine; dopo il secondo tentativo di consegna andato a vuoto, il pacco ritorner\u00e0 indietro con relativi addebiti dei costi di giacenza e di ritorno.<\/p>\n<p><strong>Italia<br \/>\n<\/strong>Il costo di spedizione \u00e8 di 8,50 \u20ac iva inclusa<br \/>\nGratuita sopra i 53\u20ac.<\/p>\n<p><strong>Isole e Calabria<br \/>\n<\/strong>Il costo di spedizione \u00e8 di 16,50 \u20ac iva inclusa<br \/>\nGratuita sopra i 69\u20ac.<\/p>\n<p><strong>Sardegna<br \/>\n<\/strong>Il costo di spedizione \u00e8 di 23,50 \u20ac iva inclusa<br \/>\nGratuita sopra i 75\u20ac.<\/p>\n<p><strong>Unione Europea<br \/>\n<\/strong>Il costo di spedizione \u00e8 di 32 \u20ac iva inclusa<br \/>\nGratuita sopra i 110\u20ac.<strong><br \/>\n<\/strong><\/p>\n<p>&nbsp;<\/p>\n<h3><strong>Condizioni di trasporto\u00a0<\/strong><\/h3>\n<p><strong>Tempi di consegna<\/strong><\/p>\n<p>La consegna della merce disponibile in magazzino avviene generalmente in 2\/5 giorni lavorativi esclusi i periodi a ridosso delle festivit\u00e0 natalizie, di quelle pasquali e delle ferie estive.<\/p>\n<p>Qualora il Cliente avesse necessit\u00e0 di ricevere la merce entro una data definita \u00e8 pregato di indicarlo nel campo \u201cNote\u201d al momento dell&#8217;ordine. Diversamente Fabrizi Family non si assume la responsabilit\u00e0 di un eventuale ritardo nella consegna, non accetta solleciti o richieste di spedizione anticipata e non storna ordini sprovvisti della suddetta specifica in \u201cNote\u201d.<\/p>\n<p>Fabrizi Family si riserva comunque la possibilit\u00e0 di comunicare al cliente la sopravvenuta indisponibilit\u00e0, anche temporanea, dei Prodotti. In caso di tale comunicazione, il Cliente avr\u00e0 la possibilit\u00e0 di scegliere uno o pi\u00f9 prodotti alternativi. Nel caso in cui il Cliente decida di non scegliere Prodotti alternativi o di annullare l&#8217;ordine, Fabrizi Family provveder\u00e0 al rimborso delle somme eventualmente gi\u00e0 corrisposte dal Cliente entro gli stessi termini di tempo.<\/p>\n<p>Se avete necessit\u00e0 di una data certa di consegna contattateci prima dell&#8217;acquisto.<\/p>\n<p><strong>Giorni settimanali di spedizione<\/strong><\/p>\n<p>Le spedizioni si effettuano dal luned\u00ec al venerd\u00ec e le consegne dal luned\u00ec al venerd\u00ec.<\/p>\n<p>Il giorno di consegna dipender\u00e0 dalla localit\u00e0 di destino e dalla merce ordinata.<\/p>\n<p><strong>Condizioni di spedizione<\/strong><\/p>\n<p>I Prodotti acquistati sul Sito verranno consegnati all&#8217;indirizzo indicato dal Cliente durante la procedura d&#8217;acquisto. Per questioni amministrative gli ordini pagati tramite \u201cPay Pal\u201d saranno spediti all&#8217;indirizzo indicato nella ricevuta di pagamento come \u201cIndirizzo di spedizione\u201d.<\/p>\n<p>Fabrizi Family emette fattura della merce spedita per ogni ordine effettuato sul Sito, e la invia al Cliente in formato cartaceo o digitale esclusivamente previa richiesta pervenuta tramite email all&#8217;indirizzo\u00a0info@fabrizifamily.it.it\u00a0. Per l&#8217;emissione della fattura fanno fede le informazioni fornite dal Cliente durante la procedura di acquisto. Non sar\u00e0 possibile effettuare alcuna modifica alla fattura successivamente all&#8217;emissione.<\/p>\n<p>Le eventuali spese di consegna sono a carico del Cliente e sono distintamente evidenziate durante la procedura d&#8217;acquisto.<\/p>\n<p>Tutti gli acquisti verranno consegnati mediante GLS o altro vettore (di seguito, &#8220;Corriere&#8221;) dal luned\u00ec al venerd\u00ec, esclusi festivi e feste nazionali. Fabrizi Family non \u00e8 responsabile per ritardi non prevedibili.<\/p>\n<p>Una volta compilata l&#8217;etichetta di spedizione, il Corriere invier\u00e0 al Cliente una email di conferma in cui sar\u00e0 incluso un link a cui fare riferimento per il tracciamento della spedizione. Fabrizi Family programma le spedizioni generalmente un giorno prima del ritiro, pertanto il link diventer\u00e0 attivo solo dopo l&#8217;aggiornamento\u00a0 dei dati da parte del Corriere successivamente all&#8217;effettiva presa in carico del pacco.<\/p>\n<p>Tutta la merce viaggia a carico di Fabrizi Family\u00a0 e qualsiasi danneggiamento o problematica verr\u00e0 gestita direttamente dalla stessa senza conseguenze per il Cliente purch\u00e9 al momento della ricezione del pacco evidentemente danneggiato (ex: sfondato, aperto o rovinato) lo stesso venga \u201caccettato con riserva\u201d. Diversamente Fabrizi Family , suo malgrado, non potr\u00e0 sostituire la merce danneggiata a causa del trasporto.<\/p>\n<p><strong>Imballaggi<\/strong><\/p>\n<p>La preoccupazione principale di Fabrizi Family \u00e8 comunque di salvaguardare il prodotto garantendo la sua perfetta conservazione durante tutta la durata del viaggio: per questo utilizziamo, ove necessario,il ghiaccio in cubetti e poniamo la massima cura nella preparazione e imballaggio dei pacchi: le nostre scatole e contenitori bottiglie sono di polistirolo e sono resistentissime! <strong>Le nostre confezioni sono\u00a0di cartone o polistirolo.<\/strong><\/p>\n<p>&nbsp;<\/p>\n<p>Se avete delle segnalazioni sull&#8217;argomento indirizzatele a:\u00a0info@fabrizifamily.it.it\u00a0o chiamate il numero (+39)0731.215159 \/ (+39)3533870750<\/p>\n<\/div><\/div><\/div><\/div><\/section>\n<\/div>","protected":false},"excerpt":{"rendered":"Ritiro in negozio In caso di selezione del servizio \"ritiro in sede\", il nostro negozio si trova in Viale della Vittoria 49\/B, 60035, Jesi (AN), Italy Non saranno addebitate le spese di spedizione. Consegna a Jesi: Consegna a domicilio presso il comune di Jesi gratuita &nbsp; Spedizioni con i corrieri Spediamo solo con corrieri espressi e il tempo di consegna varia da 1 gg a 3 gg lavorativi in base alla localit\u00e0 di destinazione. Riceverete un tracking la sera della spedizione che vi consentir\u00e0 di monitorare il percorso. Sono previsti 2 tentativi di consegna presso l'indirizzo indicato al momento dell'ordine; dopo il secondo tentativo di consegna andato a vuoto, il pacco ritorner\u00e0 indietro con relativi addebiti dei costi di giacenza e di ritorno. Italia Il costo di spedizione \u00e8 di 8,50 \u20ac iva inclusa Gratuita sopra i 53\u20ac. Isole e Calabria Il costo di spedizione \u00e8 di 16,50 \u20ac iva inclusa Gratuita sopra i 69\u20ac. Sardegna Il costo di spedizione \u00e8 di 23,50 \u20ac iva inclusa Gratuita sopra i 75\u20ac. Unione Europea Il costo di spedizione \u00e8 di 32 \u20ac iva inclusa Gratuita sopra i 110\u20ac. &nbsp; Condizioni di trasporto\u00a0 Tempi di consegna La consegna della merce disponibile in magazzino...","protected":false},"author":37,"featured_media":0,"parent":0,"menu_order":0,"comment_status":"closed","ping_status":"closed","template":"","meta":{"footnotes":""},"class_list":["post-103649","page","type-page","status-publish","hentry"],"yoast_head":"<!-- This site is optimized with the Yoast SEO plugin v27.0 - https:\/\/yoast.com\/product\/yoast-seo-wordpress\/ -->\n<title>Vino, Visciola, Marmellate e Miele - Fabrizi Family<\/title>\n<meta name=\"description\" content=\"Fabrizi Family colleziona e propone i sapori e le tradizioni delle Marche a tavola, in Italia e all&#039;estero: vino, visciola, olio, marmellate e mieli.\" \/>\n<meta name=\"robots\" content=\"index, follow, max-snippet:-1, max-image-preview:large, max-video-preview:-1\" \/>\n<link rel=\"canonical\" href=\"https:\/\/fabrizifamily.com\/en\/consegna-e-spedizione\/\" \/>\n<meta property=\"og:locale\" content=\"en_US\" \/>\n<meta property=\"og:type\" content=\"article\" \/>\n<meta property=\"og:title\" content=\"Vino, Visciola, Marmellate e Miele - Fabrizi Family\" \/>\n<meta property=\"og:description\" content=\"Fabrizi Family colleziona e propone i sapori e le tradizioni delle Marche a tavola, in Italia e all&#039;estero: vino, visciola, olio, marmellate e mieli.\" \/>\n<meta property=\"og:url\" content=\"https:\/\/fabrizifamily.com\/en\/consegna-e-spedizione\/\" \/>\n<meta property=\"og:site_name\" content=\"Fabrizi Family\" \/>\n<meta property=\"article:modified_time\" content=\"2025-10-28T08:28:44+00:00\" \/>\n<meta name=\"twitter:card\" content=\"summary_large_image\" \/>\n<meta name=\"twitter:label1\" content=\"Est. reading time\" \/>\n\t<meta name=\"twitter:data1\" content=\"5 minutes\" \/>\n<script type=\"application\/ld+json\" class=\"yoast-schema-graph\">{\"@context\":\"https:\/\/schema.org\",\"@graph\":[{\"@type\":\"WebPage\",\"@id\":\"https:\/\/fabrizifamily.com\/en\/consegna-e-spedizione\/\",\"url\":\"https:\/\/fabrizifamily.com\/en\/consegna-e-spedizione\/\",\"name\":\"Vino, Visciola, Marmellate e Miele - Fabrizi Family\",\"isPartOf\":{\"@id\":\"https:\/\/fabrizifamily.com\/en\/#website\"},\"datePublished\":\"2025-10-14T13:21:36+00:00\",\"dateModified\":\"2025-10-28T08:28:44+00:00\",\"description\":\"Fabrizi Family colleziona e propone i sapori e le tradizioni delle Marche a tavola, in Italia e all'estero: vino, visciola, olio, marmellate e mieli.\",\"breadcrumb\":{\"@id\":\"https:\/\/fabrizifamily.com\/en\/consegna-e-spedizione\/#breadcrumb\"},\"inLanguage\":\"en-US\",\"potentialAction\":[{\"@type\":\"ReadAction\",\"target\":[\"https:\/\/fabrizifamily.com\/en\/consegna-e-spedizione\/\"]}]},{\"@type\":\"BreadcrumbList\",\"@id\":\"https:\/\/fabrizifamily.com\/en\/consegna-e-spedizione\/#breadcrumb\",\"itemListElement\":[{\"@type\":\"ListItem\",\"position\":1,\"name\":\"Home\",\"item\":\"https:\/\/fabrizifamily.com\/en\/\"},{\"@type\":\"ListItem\",\"position\":2,\"name\":\"Consegna e spedizione\"}]},{\"@type\":\"WebSite\",\"@id\":\"https:\/\/fabrizifamily.com\/en\/#website\",\"url\":\"https:\/\/fabrizifamily.com\/en\/\",\"name\":\"Fabrizi Family\",\"description\":\"Beverage, Food e Sweeties dalle Marche\",\"potentialAction\":[{\"@type\":\"SearchAction\",\"target\":{\"@type\":\"EntryPoint\",\"urlTemplate\":\"https:\/\/fabrizifamily.com\/en\/?s={search_term_string}\"},\"query-input\":{\"@type\":\"PropertyValueSpecification\",\"valueRequired\":true,\"valueName\":\"search_term_string\"}}],\"inLanguage\":\"en-US\"}]}<\/script>\n<!-- \/ Yoast SEO plugin. -->","yoast_head_json":{"title":"Vino, Visciola, Marmellate e Miele - Fabrizi Family","description":"Fabrizi Family colleziona e propone i sapori e le tradizioni delle Marche a tavola, in Italia e all'estero: vino, visciola, olio, marmellate e mieli.","robots":{"index":"index","follow":"follow","max-snippet":"max-snippet:-1","max-image-preview":"max-image-preview:large","max-video-preview":"max-video-preview:-1"},"canonical":"https:\/\/fabrizifamily.com\/en\/consegna-e-spedizione\/","og_locale":"en_US","og_type":"article","og_title":"Vino, Visciola, Marmellate e Miele - Fabrizi Family","og_description":"Fabrizi Family colleziona e propone i sapori e le tradizioni delle Marche a tavola, in Italia e all'estero: vino, visciola, olio, marmellate e mieli.","og_url":"https:\/\/fabrizifamily.com\/en\/consegna-e-spedizione\/","og_site_name":"Fabrizi Family","article_modified_time":"2025-10-28T08:28:44+00:00","twitter_card":"summary_large_image","twitter_misc":{"Est. reading time":"5 minutes"},"schema":{"@context":"https:\/\/schema.org","@graph":[{"@type":"WebPage","@id":"https:\/\/fabrizifamily.com\/en\/consegna-e-spedizione\/","url":"https:\/\/fabrizifamily.com\/en\/consegna-e-spedizione\/","name":"Vino, Visciola, Marmellate e Miele - Fabrizi Family","isPartOf":{"@id":"https:\/\/fabrizifamily.com\/en\/#website"},"datePublished":"2025-10-14T13:21:36+00:00","dateModified":"2025-10-28T08:28:44+00:00","description":"Fabrizi Family colleziona e propone i sapori e le tradizioni delle Marche a tavola, in Italia e all'estero: vino, visciola, olio, marmellate e mieli.","breadcrumb":{"@id":"https:\/\/fabrizifamily.com\/en\/consegna-e-spedizione\/#breadcrumb"},"inLanguage":"en-US","potentialAction":[{"@type":"ReadAction","target":["https:\/\/fabrizifamily.com\/en\/consegna-e-spedizione\/"]}]},{"@type":"BreadcrumbList","@id":"https:\/\/fabrizifamily.com\/en\/consegna-e-spedizione\/#breadcrumb","itemListElement":[{"@type":"ListItem","position":1,"name":"Home","item":"https:\/\/fabrizifamily.com\/en\/"},{"@type":"ListItem","position":2,"name":"Consegna e spedizione"}]},{"@type":"WebSite","@id":"https:\/\/fabrizifamily.com\/en\/#website","url":"https:\/\/fabrizifamily.com\/en\/","name":"Fabrizi Family","description":"Beverage, Food e Sweeties dalle Marche","potentialAction":[{"@type":"SearchAction","target":{"@type":"EntryPoint","urlTemplate":"https:\/\/fabrizifamily.com\/en\/?s={search_term_string}"},"query-input":{"@type":"PropertyValueSpecification","valueRequired":true,"valueName":"search_term_string"}}],"inLanguage":"en-US"}]}},"_links":{"self":[{"href":"https:\/\/fabrizifamily.com\/en\/wp-json\/wp\/v2\/pages\/103649","targetHints":{"allow":["GET"]}}],"collection":[{"href":"https:\/\/fabrizifamily.com\/en\/wp-json\/wp\/v2\/pages"}],"about":[{"href":"https:\/\/fabrizifamily.com\/en\/wp-json\/wp\/v2\/types\/page"}],"author":[{"embeddable":true,"href":"https:\/\/fabrizifamily.com\/en\/wp-json\/wp\/v2\/users\/37"}],"replies":[{"embeddable":true,"href":"https:\/\/fabrizifamily.com\/en\/wp-json\/wp\/v2\/comments?post=103649"}],"version-history":[{"count":1,"href":"https:\/\/fabrizifamily.com\/en\/wp-json\/wp\/v2\/pages\/103649\/revisions"}],"predecessor-version":[{"id":103696,"href":"https:\/\/fabrizifamily.com\/en\/wp-json\/wp\/v2\/pages\/103649\/revisions\/103696"}],"wp:attachment":[{"href":"https:\/\/fabrizifamily.com\/en\/wp-json\/wp\/v2\/media?parent=103649"}],"curies":[{"name":"wp","href":"https:\/\/api.w.org\/{rel}","templated":true}]}}