{"id":103648,"date":"2025-10-14T13:31:35","date_gmt":"2025-10-14T13:31:35","guid":{"rendered":"https:\/\/fabrizifamily.com\/metodi-pagamento\/"},"modified":"2025-10-14T13:31:35","modified_gmt":"2025-10-14T13:31:35","slug":"metodi-pagamento","status":"publish","type":"page","link":"https:\/\/fabrizifamily.com\/en\/metodi-pagamento\/","title":{"rendered":"Metodi Pagamento"},"content":{"rendered":"<div class=\"wpb-content-wrapper\"><section class=\"vc_row wpb_row vc_row-fluid  vc_custom_1760449794182\"><div class=\"wpb_column vc_column_container col-xs-mobile-fullwidth vc_col-sm-12\"><div class=\"vc_column-inner\"><div class=\"wpb_wrapper\"><div class=\"text-block-content hongo-text-block-1 last-paragraph-no-margin\"><p>Il Cliente che effettua un ordine on-line pu\u00f2 effettuare il pagamento dei prodotti e delle relative spese di consegna mediante Carta di credito e prepagate, PayPal, Bonifico bancario, Contrassegno.<\/p>\n<h3>Carte di credito\/debito con Stripe<\/h3>\n<p>Accettiamo pagamenti con carte di credito e debito attraverso il servizio Stripe. Al momento del pagamento verrai reindirizzato ad un ambiente sicuro gestito da Stripe, che elabora la transazione in conformit\u00e0 agli standard di sicurezza (PCI DSS). Sono accettate le principali carte: Visa, Mastercard, American Express e altre. Per qualsiasi problema relativo al pagamento tramite Stripe, contattaci a info@fabrizifamily.it.<\/p>\n<p>Il Sito non memorizza il numero della carta di credito del Cliente, ma, grazie al sistema di comunicazione protetto dell\u2019istituto di credito di riferimento, dalla seconda\u00a0 spesa, il Cliente potr\u00e0 procedere con l&#8217;acquisto senza inserire nuovamente i suoi dati. L&#8217;Istituto di credito di riferimento, utilizza il protocollo SSL per crittografare i dati trasmessi tra il suo server ed il browser del Cliente.<\/p>\n<p>&nbsp;<\/p>\n<h3>PayPal<\/h3>\n<p>Una volta confermato l&#8217;ordine, il Cliente sar\u00e0 reindirizzato al sito di PayPal dove potr\u00e0 effettuare il pagamento con il suo conto conto oppure utilizzando una carta, anche prepagata. In caso di annullamento dell&#8217;ordine da parte del Cliente o nel caso della mancata accettazione dello stesso da parte di Fabrizi Family, l&#8217;importo sar\u00e0 rimborsato direttamente sul conto PayPal del Cliente.<\/p>\n<h3><\/h3>\n<h3>Bonifico bancario<\/h3>\n<p>In caso di pagamento tramite Bonifico Bancario, l&#8217;invio della merce avviene SOLO dopo l&#8217;accredito effettivo dell&#8217;importo dovuto sul conto corrente sotto riportato che dovr\u00e0 essere effettuato entro 3 giorni dalla data dell&#8217;ordine. In caso ci\u00f2 non si verificasse il Cliente verr\u00e0 contattato dal Servizio Clienti al fine di chiarire se la causa del mancato accredito sia da imputarsi alla volont\u00e0 del Cliente di non confermare l&#8217;acquisto o da altre cause.<\/p>\n<p>&nbsp;<\/p>\n<h3>Contrassegno<\/h3>\n<p>In caso di acquisto in Contrassegno il Cliente dovr\u00e0 avere al momento della consegna a disposizione in CONTANTI l&#8217;importo esatto dell&#8217;ordine. Il corriere non accetta assegni e non pu\u00f2 dare resto. Il pagamento in Contrassegno ha un costo aggiuntivo per il Cliente pari ad 12 \u20ac. Fabrizi Family non effettua consegne in contrassegno per merce destinata all&#8217;estero.<\/p>\n<\/div><\/div><\/div><\/div><\/section>\n<\/div>","protected":false},"excerpt":{"rendered":"Il Cliente che effettua un ordine on-line pu\u00f2 effettuare il pagamento dei prodotti e delle relative spese di consegna mediante Carta di credito e prepagate, PayPal, Bonifico bancario, Contrassegno. Carte di credito\/debito con Stripe Accettiamo pagamenti con carte di credito e debito attraverso il servizio Stripe. Al momento del pagamento verrai reindirizzato ad un ambiente sicuro gestito da Stripe, che elabora la transazione in conformit\u00e0 agli standard di sicurezza (PCI DSS). Sono accettate le principali carte: Visa, Mastercard, American Express e altre. Per qualsiasi problema relativo al pagamento tramite Stripe, contattaci a info@fabrizifamily.it. Il Sito non memorizza il numero della carta di credito del Cliente, ma, grazie al sistema di comunicazione protetto dell\u2019istituto di credito di riferimento, dalla seconda\u00a0 spesa, il Cliente potr\u00e0 procedere con l'acquisto senza inserire nuovamente i suoi dati. L'Istituto di credito di riferimento, utilizza il protocollo SSL per crittografare i dati trasmessi tra il suo server ed il browser del Cliente. &nbsp; PayPal Una volta confermato l'ordine, il Cliente sar\u00e0 reindirizzato al sito di PayPal dove potr\u00e0 effettuare il pagamento con il suo conto conto oppure utilizzando una carta, anche prepagata. In caso di annullamento dell'ordine da parte del Cliente o nel caso della mancata accettazione...","protected":false},"author":37,"featured_media":0,"parent":0,"menu_order":0,"comment_status":"closed","ping_status":"closed","template":"","meta":{"footnotes":""},"class_list":["post-103648","page","type-page","status-publish","hentry"],"yoast_head":"<!-- This site is optimized with the Yoast SEO plugin v27.0 - https:\/\/yoast.com\/product\/yoast-seo-wordpress\/ -->\n<title>Vino, Visciola, Marmellate e Miele - Fabrizi Family<\/title>\n<meta name=\"description\" content=\"Fabrizi Family colleziona e propone i sapori e le tradizioni delle Marche a tavola, in Italia e all&#039;estero: vino, visciola, olio, marmellate e mieli.\" \/>\n<meta name=\"robots\" content=\"index, follow, max-snippet:-1, max-image-preview:large, max-video-preview:-1\" \/>\n<link rel=\"canonical\" href=\"https:\/\/fabrizifamily.com\/en\/metodi-pagamento\/\" \/>\n<meta property=\"og:locale\" content=\"en_US\" \/>\n<meta property=\"og:type\" content=\"article\" \/>\n<meta property=\"og:title\" content=\"Vino, Visciola, Marmellate e Miele - Fabrizi Family\" \/>\n<meta property=\"og:description\" content=\"Fabrizi Family colleziona e propone i sapori e le tradizioni delle Marche a tavola, in Italia e all&#039;estero: vino, visciola, olio, marmellate e mieli.\" \/>\n<meta property=\"og:url\" content=\"https:\/\/fabrizifamily.com\/en\/metodi-pagamento\/\" \/>\n<meta property=\"og:site_name\" content=\"Fabrizi Family\" \/>\n<meta name=\"twitter:card\" content=\"summary_large_image\" \/>\n<meta name=\"twitter:label1\" content=\"Est. reading time\" \/>\n\t<meta name=\"twitter:data1\" content=\"2 minutes\" \/>\n<script type=\"application\/ld+json\" class=\"yoast-schema-graph\">{\"@context\":\"https:\/\/schema.org\",\"@graph\":[{\"@type\":\"WebPage\",\"@id\":\"https:\/\/fabrizifamily.com\/en\/metodi-pagamento\/\",\"url\":\"https:\/\/fabrizifamily.com\/en\/metodi-pagamento\/\",\"name\":\"Vino, Visciola, Marmellate e Miele - Fabrizi Family\",\"isPartOf\":{\"@id\":\"https:\/\/fabrizifamily.com\/en\/#website\"},\"datePublished\":\"2025-10-14T13:31:35+00:00\",\"description\":\"Fabrizi Family colleziona e propone i sapori e le tradizioni delle Marche a tavola, in Italia e all'estero: vino, visciola, olio, marmellate e mieli.\",\"breadcrumb\":{\"@id\":\"https:\/\/fabrizifamily.com\/en\/metodi-pagamento\/#breadcrumb\"},\"inLanguage\":\"en-US\",\"potentialAction\":[{\"@type\":\"ReadAction\",\"target\":[\"https:\/\/fabrizifamily.com\/en\/metodi-pagamento\/\"]}]},{\"@type\":\"BreadcrumbList\",\"@id\":\"https:\/\/fabrizifamily.com\/en\/metodi-pagamento\/#breadcrumb\",\"itemListElement\":[{\"@type\":\"ListItem\",\"position\":1,\"name\":\"Home\",\"item\":\"https:\/\/fabrizifamily.com\/en\/\"},{\"@type\":\"ListItem\",\"position\":2,\"name\":\"Metodi Pagamento\"}]},{\"@type\":\"WebSite\",\"@id\":\"https:\/\/fabrizifamily.com\/en\/#website\",\"url\":\"https:\/\/fabrizifamily.com\/en\/\",\"name\":\"Fabrizi Family\",\"description\":\"Beverage, Food e Sweeties dalle Marche\",\"potentialAction\":[{\"@type\":\"SearchAction\",\"target\":{\"@type\":\"EntryPoint\",\"urlTemplate\":\"https:\/\/fabrizifamily.com\/en\/?s={search_term_string}\"},\"query-input\":{\"@type\":\"PropertyValueSpecification\",\"valueRequired\":true,\"valueName\":\"search_term_string\"}}],\"inLanguage\":\"en-US\"}]}<\/script>\n<!-- \/ Yoast SEO plugin. -->","yoast_head_json":{"title":"Vino, Visciola, Marmellate e Miele - Fabrizi Family","description":"Fabrizi Family colleziona e propone i sapori e le tradizioni delle Marche a tavola, in Italia e all'estero: vino, visciola, olio, marmellate e mieli.","robots":{"index":"index","follow":"follow","max-snippet":"max-snippet:-1","max-image-preview":"max-image-preview:large","max-video-preview":"max-video-preview:-1"},"canonical":"https:\/\/fabrizifamily.com\/en\/metodi-pagamento\/","og_locale":"en_US","og_type":"article","og_title":"Vino, Visciola, Marmellate e Miele - Fabrizi Family","og_description":"Fabrizi Family colleziona e propone i sapori e le tradizioni delle Marche a tavola, in Italia e all'estero: vino, visciola, olio, marmellate e mieli.","og_url":"https:\/\/fabrizifamily.com\/en\/metodi-pagamento\/","og_site_name":"Fabrizi Family","twitter_card":"summary_large_image","twitter_misc":{"Est. reading time":"2 minutes"},"schema":{"@context":"https:\/\/schema.org","@graph":[{"@type":"WebPage","@id":"https:\/\/fabrizifamily.com\/en\/metodi-pagamento\/","url":"https:\/\/fabrizifamily.com\/en\/metodi-pagamento\/","name":"Vino, Visciola, Marmellate e Miele - Fabrizi Family","isPartOf":{"@id":"https:\/\/fabrizifamily.com\/en\/#website"},"datePublished":"2025-10-14T13:31:35+00:00","description":"Fabrizi Family colleziona e propone i sapori e le tradizioni delle Marche a tavola, in Italia e all'estero: vino, visciola, olio, marmellate e mieli.","breadcrumb":{"@id":"https:\/\/fabrizifamily.com\/en\/metodi-pagamento\/#breadcrumb"},"inLanguage":"en-US","potentialAction":[{"@type":"ReadAction","target":["https:\/\/fabrizifamily.com\/en\/metodi-pagamento\/"]}]},{"@type":"BreadcrumbList","@id":"https:\/\/fabrizifamily.com\/en\/metodi-pagamento\/#breadcrumb","itemListElement":[{"@type":"ListItem","position":1,"name":"Home","item":"https:\/\/fabrizifamily.com\/en\/"},{"@type":"ListItem","position":2,"name":"Metodi Pagamento"}]},{"@type":"WebSite","@id":"https:\/\/fabrizifamily.com\/en\/#website","url":"https:\/\/fabrizifamily.com\/en\/","name":"Fabrizi Family","description":"Beverage, Food e Sweeties dalle Marche","potentialAction":[{"@type":"SearchAction","target":{"@type":"EntryPoint","urlTemplate":"https:\/\/fabrizifamily.com\/en\/?s={search_term_string}"},"query-input":{"@type":"PropertyValueSpecification","valueRequired":true,"valueName":"search_term_string"}}],"inLanguage":"en-US"}]}},"_links":{"self":[{"href":"https:\/\/fabrizifamily.com\/en\/wp-json\/wp\/v2\/pages\/103648","targetHints":{"allow":["GET"]}}],"collection":[{"href":"https:\/\/fabrizifamily.com\/en\/wp-json\/wp\/v2\/pages"}],"about":[{"href":"https:\/\/fabrizifamily.com\/en\/wp-json\/wp\/v2\/types\/page"}],"author":[{"embeddable":true,"href":"https:\/\/fabrizifamily.com\/en\/wp-json\/wp\/v2\/users\/37"}],"replies":[{"embeddable":true,"href":"https:\/\/fabrizifamily.com\/en\/wp-json\/wp\/v2\/comments?post=103648"}],"version-history":[{"count":0,"href":"https:\/\/fabrizifamily.com\/en\/wp-json\/wp\/v2\/pages\/103648\/revisions"}],"wp:attachment":[{"href":"https:\/\/fabrizifamily.com\/en\/wp-json\/wp\/v2\/media?parent=103648"}],"curies":[{"name":"wp","href":"https:\/\/api.w.org\/{rel}","templated":true}]}}